{"id":305,"date":"2019-12-05T20:11:06","date_gmt":"2019-12-05T20:11:06","guid":{"rendered":"http:\/\/141.138.197.152\/~promedical\/site\/product\/klinion-wasdoekjes-192-stuks\/"},"modified":"2023-09-01T16:09:49","modified_gmt":"2023-09-01T16:09:49","slug":"klinion-wasdoekjes-192-stuks","status":"publish","type":"product","link":"https:\/\/promedical.nl\/site\/product\/klinion-wasdoekjes-192-stuks\/","title":{"rendered":"Klinion wasdoekjes 192 stuks"},"content":{"rendered":"<h1><span style=\"font-family: verdana, geneva;\"><span style=\"color: #008080; font-size: 10pt;\">Wasdoekje Klinion Personal Care v<\/span><span style=\"font-size: 10pt; color: #008080;\">erzorgend wassen: schoon,\u00a0hygi\u00ebnisch en effici\u00ebnt zonder water<\/span><\/span><\/h1>\n<p style=\"text-align: justify;\"><span style=\"font-family: verdana, geneva; font-size: 10pt;\">Dit wasdoekje is uitstekend te gebruiken voor de dagelijkse wasbeurt van\u00a0bedlegerige pati\u00ebnten of pati\u00ebnten met veel pijn. Minder kans op\u00a0kruisinfecties, omdat per pati\u00ebnt \u00e9\u00e9n pakje wasdoekjes wordt gebruikt en er\u00a0geen waskommen nodig zijn. Doordat geen gebruik wordt gemaakt van\u00a0waskommen, handdoeken en washandjes, vraagt het wassen tevens minder voorbereidingstijd. In elk kleine verpakking zitten 8 stuks. Voor elk lichaamsdeel dient een nieuw wasdoekje gebruikt te worden.<\/span><\/p>\n<p><span style=\"font-family: verdana, geneva; font-size: 10pt;\"><span style=\"color: #008080;\"><strong>De Prijs:<\/strong><\/span>\u00a0<\/span><\/p>\n<p style=\"text-align: justify;\"><span style=\"font-family: verdana, geneva; font-size: 10pt;\">De Klinion wasdoekjes worden\u00a0alleen per\u00a0omdoos\/overdoos verkocht. Hierdoor kunnen we de prijs laag houden. Prijs per doosje\/kleinverpakking \u00e1 8 stuks is\u00a0\u20ac 2,79 incl. btw; per omdoos betaald u dan (24&#215;8 stuks=192 stuks) is\u00a0<\/span><span style=\"font-family: verdana, geneva; font-size: 10pt;\">\u20ac66,96.<\/span><\/p>\n<p><span style=\"font-size: 10pt; color: #008080;\"><strong>Product eigenschappen:<\/strong><\/span><\/p>\n<ul>\n<li><span style=\"font-size: 10pt; font-family: verdana, geneva;\">Zachte comfortabele non woven wasdoekjes voor een comfortabele wasbeurt<\/span><\/li>\n<li><span style=\"font-size: 10pt; font-family: verdana, geneva;\">Voor elk lichaamsdeel dient een nieuw wasdoekje gebruikt te worden<\/span><\/li>\n<li><span style=\"font-size: 10pt; font-family: verdana, geneva;\">De lotion verzorgt de huid, is pHhuidneutraal, hypoallergeen en draagt bij aan de verbetering van de huidconditie<\/span><\/li>\n<li><span style=\"font-size: 10pt; font-family: verdana, geneva;\">Hersluitbare verpakking<\/span><\/li>\n<li><span style=\"font-size: 10pt; font-family: verdana, geneva;\">Wasdoekjes kunnen verwarmd worden in de magnetron (750 Watt, max. 1minuut)<\/span><\/li>\n<\/ul>\n","protected":false},"excerpt":{"rendered":"<p>Wasdoekje Klinion Personal Care verzorgend wassen: schoon,\u00a0hygi\u00ebnisch en effici\u00ebnt zonder water Dit wasdoekje is uitstekend te gebruiken voor de dagelijkse wasbeurt van\u00a0bedlegerige pati\u00ebnten of pati\u00ebnten met veel pijn. Minder kans op\u00a0kruisinfecties, omdat per pati\u00ebnt \u00e9\u00e9n pakje wasdoekjes wordt gebruikt en er\u00a0geen waskommen nodig zijn. Doordat geen gebruik wordt gemaakt van\u00a0waskommen, handdoeken en washandjes, vraagt het wassen tevens minder voorbereidingstijd. In elk kleine verpakking zitten 8 stuks. Voor elk lichaamsdeel dient een nieuw wasdoekje gebruikt te worden. De Prijs:\u00a0 De Klinion wasdoekjes worden\u00a0alleen per\u00a0omdoos\/overdoos verkocht. Hierdoor kunnen we de prijs laag&hellip;<\/p>\n","protected":false},"featured_media":2867,"comment_status":"open","ping_status":"closed","template":"","meta":[],"product_brand":[],"product_cat":[42],"product_tag":[],"class_list":{"0":"post-305","1":"product","2":"type-product","3":"status-publish","4":"has-post-thumbnail","6":"product_cat-klinion-washandjes-en-wasdoekjes","8":"first","9":"instock","10":"taxable","11":"shipping-taxable","12":"purchasable","13":"product-type-simple"},"_links":{"self":[{"href":"https:\/\/promedical.nl\/site\/wp-json\/wp\/v2\/product\/305","targetHints":{"allow":["GET"]}}],"collection":[{"href":"https:\/\/promedical.nl\/site\/wp-json\/wp\/v2\/product"}],"about":[{"href":"https:\/\/promedical.nl\/site\/wp-json\/wp\/v2\/types\/product"}],"replies":[{"embeddable":true,"href":"https:\/\/promedical.nl\/site\/wp-json\/wp\/v2\/comments?post=305"}],"wp:featuredmedia":[{"embeddable":true,"href":"https:\/\/promedical.nl\/site\/wp-json\/wp\/v2\/media\/2867"}],"wp:attachment":[{"href":"https:\/\/promedical.nl\/site\/wp-json\/wp\/v2\/media?parent=305"}],"wp:term":[{"taxonomy":"product_brand","embeddable":true,"href":"https:\/\/promedical.nl\/site\/wp-json\/wp\/v2\/product_brand?post=305"},{"taxonomy":"product_cat","embeddable":true,"href":"https:\/\/promedical.nl\/site\/wp-json\/wp\/v2\/product_cat?post=305"},{"taxonomy":"product_tag","embeddable":true,"href":"https:\/\/promedical.nl\/site\/wp-json\/wp\/v2\/product_tag?post=305"}],"curies":[{"name":"wp","href":"https:\/\/api.w.org\/{rel}","templated":true}]}}