{"id":103,"date":"2019-12-05T20:11:00","date_gmt":"2019-12-05T20:11:00","guid":{"rendered":"http:\/\/141.138.197.152\/~promedical\/site\/product\/klinion-steriele-soft-nitril-handschoenen-600-stuks\/"},"modified":"2024-07-12T10:11:44","modified_gmt":"2024-07-12T10:11:44","slug":"sempermed-sempercare-steriele-soft-nitril-handschoenen-600-stuks","status":"publish","type":"product","link":"https:\/\/promedical.nl\/site\/product\/sempermed-sempercare-steriele-soft-nitril-handschoenen-600-stuks\/","title":{"rendered":"PEHA-SOFT NITRILE ONDERZOEKSHANDSCHOEN NITRIL POEDERVRIJ 400 stuks"},"content":{"rendered":"<p>&nbsp;<\/p>\n<h2 class=\"title\">PEHA-SOFT NITRILE ONDERZOEKSHANDSCHOEN NITRIL POEDERVRIJ<\/h2>\n<div class=\"description\">\n<p>Peha-soft nitrile, poedervrije onderzoekshandschoen van nitril; voor het veilig en hygi\u00ebnisch onderzoeken van pati\u00ebnten en voor bescherming tegen bacteri\u00ebn en virussen.<\/p>\n<p>De onderzoekhandschoen is gemaakt van nitril en is zeer zacht. De handschoen is tevens\u00a0poedervrij. Dankzij de polymeerbekleding aan de binnenkant is deze gemakkelijk aan- en uit te trekken. Ook is de handschoen elastisch en scheurvast. De vingertoppen aan de buitenzijde zijn getextureerd, waardoor de handschoenen grip bieden. De handschoenen bieden een hoge tastgevoeligheid. Ze zijn zowel links als rechts te dragen. De handschoen is geschikt voor eenmalig gebruik.<\/p>\n<p>De handschoen voldoet aan de normen EN 455, EN 374 en ASTM F1671. De\u00a0handschoen\u00a0is bestand tegen een groot aantal chemicali\u00ebn, zoals bv. cytostatica en desinfectiemiddelen.<\/p>\n<p>Specificaties:<\/p>\n<ul>\n<li>onderzoekshandschoen<\/li>\n<li>van: nitril<\/li>\n<li>poedervrij<\/li>\n<li>polymeerbekleding<\/li>\n<li>links- en rechts draagbaar<\/li>\n<li>elastisch<\/li>\n<li>conform EN 455<\/li>\n<li>conform EN 374<\/li>\n<li>conform ASTM F1671<\/li>\n<li>latexvrij<\/li>\n<\/ul>\n<p>Toepassen bij:<\/p>\n<ul>\n<li>het onderzoeken en behandelen van pati\u00ebnten en\u00a0labonderzoek<\/li>\n<\/ul>\n<\/div>\n","protected":false},"excerpt":{"rendered":"<p>&nbsp; PEHA-SOFT NITRILE ONDERZOEKSHANDSCHOEN NITRIL POEDERVRIJ Peha-soft nitrile, poedervrije onderzoekshandschoen van nitril; voor het veilig en hygi\u00ebnisch onderzoeken van pati\u00ebnten en voor bescherming tegen bacteri\u00ebn en virussen. De onderzoekhandschoen is gemaakt van nitril en is zeer zacht. De handschoen is tevens\u00a0poedervrij. Dankzij de polymeerbekleding aan de binnenkant is deze gemakkelijk aan- en uit te trekken. Ook is de handschoen elastisch en scheurvast. De vingertoppen aan de buitenzijde zijn getextureerd, waardoor de handschoenen grip bieden. De handschoenen bieden een hoge tastgevoeligheid. Ze zijn zowel links als rechts te dragen. De handschoen&hellip;<\/p>\n","protected":false},"featured_media":52524,"comment_status":"open","ping_status":"closed","template":"","meta":[],"product_brand":[],"product_cat":[25],"product_tag":[],"class_list":{"0":"post-103","1":"product","2":"type-product","3":"status-publish","4":"has-post-thumbnail","6":"product_cat-klinion-nitril-handschoenen","8":"first","9":"instock","10":"taxable","11":"shipping-taxable","12":"purchasable","13":"product-type-variable"},"_links":{"self":[{"href":"https:\/\/promedical.nl\/site\/wp-json\/wp\/v2\/product\/103","targetHints":{"allow":["GET"]}}],"collection":[{"href":"https:\/\/promedical.nl\/site\/wp-json\/wp\/v2\/product"}],"about":[{"href":"https:\/\/promedical.nl\/site\/wp-json\/wp\/v2\/types\/product"}],"replies":[{"embeddable":true,"href":"https:\/\/promedical.nl\/site\/wp-json\/wp\/v2\/comments?post=103"}],"wp:featuredmedia":[{"embeddable":true,"href":"https:\/\/promedical.nl\/site\/wp-json\/wp\/v2\/media\/52524"}],"wp:attachment":[{"href":"https:\/\/promedical.nl\/site\/wp-json\/wp\/v2\/media?parent=103"}],"wp:term":[{"taxonomy":"product_brand","embeddable":true,"href":"https:\/\/promedical.nl\/site\/wp-json\/wp\/v2\/product_brand?post=103"},{"taxonomy":"product_cat","embeddable":true,"href":"https:\/\/promedical.nl\/site\/wp-json\/wp\/v2\/product_cat?post=103"},{"taxonomy":"product_tag","embeddable":true,"href":"https:\/\/promedical.nl\/site\/wp-json\/wp\/v2\/product_tag?post=103"}],"curies":[{"name":"wp","href":"https:\/\/api.w.org\/{rel}","templated":true}]}}